{"id":54,"date":"2021-03-18T14:59:43","date_gmt":"2021-03-18T17:59:43","guid":{"rendered":"https:\/\/www.imperioalemao.com.br\/klagenfurt\/?page_id=54"},"modified":"2021-03-30T13:22:23","modified_gmt":"2021-03-30T16:22:23","slug":"inicio","status":"publish","type":"page","link":"https:\/\/www.imperioalemao.com.br\/klagenfurt\/","title":{"rendered":"Ao servi\u00e7o da Economia."},"content":{"rendered":"\n<p class=\"has-drop-cap\">OPalatinado de Klagenfurt \u00e9 a autoridade monet\u00e1ria do <a href=\"https:\/\/imperioalemao.com.br\/\" target=\"_blank\" rel=\"noreferrer noopener\" title=\"https:\/\/imperioalemao.com.br\/\">Imp\u00e9rio Alem\u00e3o<\/a>, uma microna\u00e7\u00e3o lus\u00f3fona. A nossa principal fun\u00e7\u00e3o \u00e9 a promo\u00e7\u00e3o de uma economia produtiva e din\u00e2mica, atrav\u00e9s do controle da pol\u00edtica monet\u00e1ria e cambial. Subsidiariamente, o Palatinado coleta, analisa e produz informa\u00e7\u00e3o estat\u00edstica relevante para as suas atribui\u00e7\u00f5es, bem como para a a\u00e7\u00e3o governativa em sentido lato. No curso da nossa interven\u00e7\u00e3o monet\u00e1ria, colaboramos de perto com diversas institui\u00e7\u00f5es do Imp\u00e9rio, mormente com a <a href=\"https:\/\/imperioalemao.com.br\/diplomacia\/\" target=\"_blank\" rel=\"noreferrer noopener\">Chancelaria<\/a> e a <a href=\"https:\/\/imperioalemao.com.br\/diplomacia\/\" target=\"_blank\" rel=\"noreferrer noopener\">Secretaria Imperial de Rela\u00e7\u00f5es Exteriores<\/a>.<\/p>\n\n\n\n<div class=\"wp-block-columns are-vertically-aligned-top has-background-color has-midnight-gradient-background has-text-color has-background is-layout-flex wp-container-core-columns-is-layout-1 wp-block-columns-is-layout-flex\">\n<div class=\"wp-block-column is-vertically-aligned-top is-layout-flow wp-block-column-is-layout-flow\">\n<h2 class=\"wp-block-heading\">&#8212;&#8212; Th<\/h2>\n\n\n\n<h6 class=\"wp-block-heading\">Sal\u00e1rio M\u00e9dio<\/h6>\n<\/div>\n\n\n\n<div class=\"wp-block-column is-vertically-aligned-top is-layout-flow wp-block-column-is-layout-flow\">\n<h2 class=\"wp-block-heading\">&#8212;,&#8211;%<\/h2>\n\n\n\n<h6 class=\"wp-block-heading\">Taxa de Infla\u00e7\u00e3o<\/h6>\n<\/div>\n\n\n\n<div class=\"wp-block-column is-vertically-aligned-top is-layout-flow wp-block-column-is-layout-flow\">\n<h2 class=\"wp-block-heading\">&#8212;,&#8211;%<\/h2>\n\n\n\n<h6 class=\"wp-block-heading\">Juro de Refer\u00eancia<\/h6>\n<\/div>\n<\/div>\n\n\n\r\n\t<div class=\"psac-post-carousel-wrp psac-slider-and-carousel psac-clearfix\">\r\n\t\t<div class=\"psac-post-carousel owl-carousel psac-design-2\" id=\"psac-carousel-1\" data-conf=\"{&quot;slide_show&quot;:3,&quot;slide_scroll&quot;:1,&quot;dots&quot;:true,&quot;arrows&quot;:false,&quot;autoplay&quot;:false,&quot;autoplay_interval&quot;:4000,&quot;speed&quot;:600,&quot;loop&quot;:false}\">\r\n\t\t\t<div class=\"psac-post-carousel-slide\">\r\n\t<div class=\"psac-post-carousel-content\">\r\n\t\t\t\t<div class=\"psac-post-img-wrap\">\r\n\t\t\t<a href=\"https:\/\/www.imperioalemao.com.br\/klagenfurt\/2025\/01\/03\/oficio-no-002-24\/\" class=\"psac-link-overlay\"><\/a>\r\n\t\t\t<div class=\"psac-post-image-bg\" style=\" background-image: url(&#039;https:\/\/www.imperioalemao.com.br\/klagenfurt\/wp-content\/uploads\/2021\/03\/rainer-hof-scaled.jpg&#039;);  height:200px; \"><\/div>\r\n\t\t<\/div>\t\r\n\t\t\t\r\n\t\t<div class=\"psac-post-margin-content\">\r\n\t\t\t\t\t\t<div class=\"psac-post-categories\">\r\n\t\t\t\t<a class=\"psac-post-cat psac-post-cat-10\" href=\"https:\/\/www.imperioalemao.com.br\/klagenfurt\/topicos\/atos-administrativos\/oficios\/\">Of\u00edcios<\/a>\t\t\t<\/div>\r\n\t\t\t\r\n\t\t\t<h2 class=\"psac-post-title\">\r\n\t\t\t\t<a href=\"https:\/\/www.imperioalemao.com.br\/klagenfurt\/2025\/01\/03\/oficio-no-002-24\/\">Of\u00edcio n\u00ba 002-24<\/a>\r\n\t\t\t<\/h2>\r\n\r\n\t\t\t\t\t\t\t<div class=\"psac-post-meta\">\r\n\t\t\t\t\t\t\t\t\t\t\t\t\t\t\t\t<span class=\"psac-post-meta-innr psac-time\"> 3 de janeiro de 2025 <\/span>\r\n\t\t\t\t\t\t\t\t\t<\/div>\r\n\t\t\t\t\t\t<div class=\"psac-post-content\">\r\n\t\t\t\t<div class=\"psac-post-short-content\">Transmite ao Reichsfinanzminister o entendimento da Autoridade Monet\u00e1ria Alem\u00e3 acerca dos requisitos de capital aplic\u00e1veis aos operadores cambiais privados.<\/div>\r\n\t\t\t\t\t\t\t<\/div>\r\n\t\t\t\t\t<\/div>\r\n\t<\/div>\r\n<\/div><div class=\"psac-post-carousel-slide\">\r\n\t<div class=\"psac-post-carousel-content\">\r\n\t\t\t\t<div class=\"psac-post-img-wrap\">\r\n\t\t\t<a href=\"https:\/\/www.imperioalemao.com.br\/klagenfurt\/2025\/01\/03\/portaria-no-003-24\/\" class=\"psac-link-overlay\"><\/a>\r\n\t\t\t<div class=\"psac-post-image-bg\" style=\" background-image: url(&#039;https:\/\/www.imperioalemao.com.br\/klagenfurt\/wp-content\/uploads\/2021\/03\/documento.jpg&#039;);  height:200px; \"><\/div>\r\n\t\t<\/div>\t\r\n\t\t\t\r\n\t\t<div class=\"psac-post-margin-content\">\r\n\t\t\t\t\t\t<div class=\"psac-post-categories\">\r\n\t\t\t\t<a class=\"psac-post-cat psac-post-cat-11\" href=\"https:\/\/www.imperioalemao.com.br\/klagenfurt\/topicos\/atos-administrativos\/portarias\/\">Portarias<\/a>\t\t\t<\/div>\r\n\t\t\t\r\n\t\t\t<h2 class=\"psac-post-title\">\r\n\t\t\t\t<a href=\"https:\/\/www.imperioalemao.com.br\/klagenfurt\/2025\/01\/03\/portaria-no-003-24\/\">Portaria n\u00ba 003-24<\/a>\r\n\t\t\t<\/h2>\r\n\r\n\t\t\t\t\t\t\t<div class=\"psac-post-meta\">\r\n\t\t\t\t\t\t\t\t\t\t\t\t\t\t\t\t<span class=\"psac-post-meta-innr psac-time\"> 3 de janeiro de 2025 <\/span>\r\n\t\t\t\t\t\t\t\t\t<\/div>\r\n\t\t\t\t\t\t<div class=\"psac-post-content\">\r\n\t\t\t\t<div class=\"psac-post-short-content\">Determina a taxa de juro de refer\u00eancia para os operadores cambiais privados.<\/div>\r\n\t\t\t\t\t\t\t<\/div>\r\n\t\t\t\t\t<\/div>\r\n\t<\/div>\r\n<\/div><div class=\"psac-post-carousel-slide\">\r\n\t<div class=\"psac-post-carousel-content\">\r\n\t\t\t\t<div class=\"psac-post-img-wrap\">\r\n\t\t\t<a href=\"https:\/\/www.imperioalemao.com.br\/klagenfurt\/2024\/12\/31\/portaria-no-002-24\/\" class=\"psac-link-overlay\"><\/a>\r\n\t\t\t<div class=\"psac-post-image-bg\" style=\" background-image: url(&#039;https:\/\/www.imperioalemao.com.br\/klagenfurt\/wp-content\/uploads\/2021\/03\/documento.jpg&#039;);  height:200px; \"><\/div>\r\n\t\t<\/div>\t\r\n\t\t\t\r\n\t\t<div class=\"psac-post-margin-content\">\r\n\t\t\t\t\t\t<div class=\"psac-post-categories\">\r\n\t\t\t\t<a class=\"psac-post-cat psac-post-cat-11\" href=\"https:\/\/www.imperioalemao.com.br\/klagenfurt\/topicos\/atos-administrativos\/portarias\/\">Portarias<\/a>\t\t\t<\/div>\r\n\t\t\t\r\n\t\t\t<h2 class=\"psac-post-title\">\r\n\t\t\t\t<a href=\"https:\/\/www.imperioalemao.com.br\/klagenfurt\/2024\/12\/31\/portaria-no-002-24\/\">Portaria n\u00ba 002-24<\/a>\r\n\t\t\t<\/h2>\r\n\r\n\t\t\t\t\t\t\t<div class=\"psac-post-meta\">\r\n\t\t\t\t\t\t\t\t\t\t\t\t\t\t\t\t<span class=\"psac-post-meta-innr psac-time\"> 31 de dezembro de 2024 <\/span>\r\n\t\t\t\t\t\t\t\t\t<\/div>\r\n\t\t\t\t\t\t<div class=\"psac-post-content\">\r\n\t\t\t\t<div class=\"psac-post-short-content\">Fixa as taxas de c\u00e2mbio entre o T\u00e1ler e as restantes moedas do Pacto de Malm\u00f6 a partir de 1 de janeiro de 2025.<\/div>\r\n\t\t\t\t\t\t\t<\/div>\r\n\t\t\t\t\t<\/div>\r\n\t<\/div>\r\n<\/div><div class=\"psac-post-carousel-slide\">\r\n\t<div class=\"psac-post-carousel-content\">\r\n\t\t\t\t<div class=\"psac-post-img-wrap\">\r\n\t\t\t<a href=\"https:\/\/www.imperioalemao.com.br\/klagenfurt\/2024\/12\/31\/autoridade-monetaria-divulga-balancos-do-sistema-bancario-para-dezembro-de-2024\/\" class=\"psac-link-overlay\"><\/a>\r\n\t\t\t<div class=\"psac-post-image-bg\" style=\" background-image: url(&#039;https:\/\/www.imperioalemao.com.br\/klagenfurt\/wp-content\/uploads\/2021\/03\/rainer-hof-scaled.jpg&#039;);  height:200px; \"><\/div>\r\n\t\t<\/div>\t\r\n\t\t\t\r\n\t\t<div class=\"psac-post-margin-content\">\r\n\t\t\t\t\t\t<div class=\"psac-post-categories\">\r\n\t\t\t\t<a class=\"psac-post-cat psac-post-cat-5\" href=\"https:\/\/www.imperioalemao.com.br\/klagenfurt\/topicos\/noticias\/\">Not\u00edcias<\/a>\t\t\t<\/div>\r\n\t\t\t\r\n\t\t\t<h2 class=\"psac-post-title\">\r\n\t\t\t\t<a href=\"https:\/\/www.imperioalemao.com.br\/klagenfurt\/2024\/12\/31\/autoridade-monetaria-divulga-balancos-do-sistema-bancario-para-dezembro-de-2024\/\">Autoridade Monet\u00e1ria divulga Balan\u00e7os do Sistema Banc\u00e1rio para Dezembro de 2024<\/a>\r\n\t\t\t<\/h2>\r\n\r\n\t\t\t\t\t\t\t<div class=\"psac-post-meta\">\r\n\t\t\t\t\t\t\t\t\t\t\t\t\t\t\t\t<span class=\"psac-post-meta-innr psac-time\"> 31 de dezembro de 2024 <\/span>\r\n\t\t\t\t\t\t\t\t\t<\/div>\r\n\t\t\t\t\t\t<div class=\"psac-post-content\">\r\n\t\t\t\t<div class=\"psac-post-short-content\">A Autoridade Monet\u00e1ria divulga os balan\u00e7os estat\u00edsticos do sistema banc\u00e1rio alem\u00e3o com refer\u00eancia a 31 de dezembro de 2024.<\/div>\r\n\t\t\t\t\t\t\t<\/div>\r\n\t\t\t\t\t<\/div>\r\n\t<\/div>\r\n<\/div><div class=\"psac-post-carousel-slide\">\r\n\t<div class=\"psac-post-carousel-content\">\r\n\t\t\t\t<div class=\"psac-post-img-wrap\">\r\n\t\t\t<a href=\"https:\/\/www.imperioalemao.com.br\/klagenfurt\/2024\/07\/27\/klagenfurt-envia-analise-economica-a-coroa-imperial\/\" class=\"psac-link-overlay\"><\/a>\r\n\t\t\t<div class=\"psac-post-image-bg\" style=\" background-image: url(&#039;https:\/\/www.imperioalemao.com.br\/klagenfurt\/wp-content\/uploads\/2024\/07\/OB-e1735658325967.jpg&#039;);  height:200px; \"><\/div>\r\n\t\t<\/div>\t\r\n\t\t\t\r\n\t\t<div class=\"psac-post-margin-content\">\r\n\t\t\t\t\t\t<div class=\"psac-post-categories\">\r\n\t\t\t\t<a class=\"psac-post-cat psac-post-cat-5\" href=\"https:\/\/www.imperioalemao.com.br\/klagenfurt\/topicos\/noticias\/\">Not\u00edcias<\/a>\t\t\t<\/div>\r\n\t\t\t\r\n\t\t\t<h2 class=\"psac-post-title\">\r\n\t\t\t\t<a href=\"https:\/\/www.imperioalemao.com.br\/klagenfurt\/2024\/07\/27\/klagenfurt-envia-analise-economica-a-coroa-imperial\/\">Klagenfurt envia An\u00e1lise Econ\u00f4mica \u00e0 Coroa Imperial<\/a>\r\n\t\t\t<\/h2>\r\n\r\n\t\t\t\t\t\t\t<div class=\"psac-post-meta\">\r\n\t\t\t\t\t\t\t\t\t\t\t\t\t\t\t\t<span class=\"psac-post-meta-innr psac-time\"> 27 de julho de 2024 <\/span>\r\n\t\t\t\t\t\t\t\t\t<\/div>\r\n\t\t\t\t\t\t<div class=\"psac-post-content\">\r\n\t\t\t\t<div class=\"psac-post-short-content\">O Presidente da Autoridade Monet\u00e1ria Alem\u00e3 partilhou a sua an\u00e1lise da economia nacional e ofereceu conselho \u00e0 Coroa Imperial.<\/div>\r\n\t\t\t\t\t\t\t<\/div>\r\n\t\t\t\t\t<\/div>\r\n\t<\/div>\r\n<\/div><div class=\"psac-post-carousel-slide\">\r\n\t<div class=\"psac-post-carousel-content\">\r\n\t\t\t\t<div class=\"psac-post-img-wrap\">\r\n\t\t\t<a href=\"https:\/\/www.imperioalemao.com.br\/klagenfurt\/2021\/05\/14\/oficio-no-001-21\/\" class=\"psac-link-overlay\"><\/a>\r\n\t\t\t<div class=\"psac-post-image-bg\" style=\" background-image: url(&#039;https:\/\/www.imperioalemao.com.br\/klagenfurt\/wp-content\/uploads\/2021\/05\/sede-ait.jpg&#039;);  height:200px; \"><\/div>\r\n\t\t<\/div>\t\r\n\t\t\t\r\n\t\t<div class=\"psac-post-margin-content\">\r\n\t\t\t\t\t\t<div class=\"psac-post-categories\">\r\n\t\t\t\t<a class=\"psac-post-cat psac-post-cat-10\" href=\"https:\/\/www.imperioalemao.com.br\/klagenfurt\/topicos\/atos-administrativos\/oficios\/\">Of\u00edcios<\/a>\t\t\t<\/div>\r\n\t\t\t\r\n\t\t\t<h2 class=\"psac-post-title\">\r\n\t\t\t\t<a href=\"https:\/\/www.imperioalemao.com.br\/klagenfurt\/2021\/05\/14\/oficio-no-001-21\/\">Of\u00edcio n\u00ba 001-21<\/a>\r\n\t\t\t<\/h2>\r\n\r\n\t\t\t\t\t\t\t<div class=\"psac-post-meta\">\r\n\t\t\t\t\t\t\t\t\t\t\t\t\t\t\t\t<span class=\"psac-post-meta-innr psac-time\"> 14 de maio de 2021 <\/span>\r\n\t\t\t\t\t\t\t\t\t<\/div>\r\n\t\t\t\t\t\t<div class=\"psac-post-content\">\r\n\t\t\t\t<div class=\"psac-post-short-content\">Protocola junto da Mesa da Dieta Imperial um Projeto de Lei sobre o funcionamento e regulamenta\u00e7\u00e3o de operadores cambiais privados.<\/div>\r\n\t\t\t\t\t\t\t<\/div>\r\n\t\t\t\t\t<\/div>\r\n\t<\/div>\r\n<\/div>\t\t<\/div>\r\n\t<\/div>\r\n\r\n\t\n","protected":false},"excerpt":{"rendered":"<p>OPalatinado de Klagenfurt \u00e9 a autoridade monet\u00e1ria do Imp\u00e9rio Alem\u00e3o, uma microna\u00e7\u00e3o lus\u00f3fona. A nossa principal fun\u00e7\u00e3o \u00e9 a promo\u00e7\u00e3o de uma economia produtiva e din\u00e2mica, atrav\u00e9s do controle da pol\u00edtica monet\u00e1ria e cambial. Subsidiariamente, o Palatinado coleta, analisa e produz informa\u00e7\u00e3o estat\u00edstica relevante para as suas atribui\u00e7\u00f5es, bem como para a a\u00e7\u00e3o governativa em [&hellip;]<\/p>\n","protected":false},"author":2,"featured_media":157,"parent":0,"menu_order":0,"comment_status":"closed","ping_status":"closed","template":"","meta":{"footnotes":""},"class_list":["post-54","page","type-page","status-publish","has-post-thumbnail","hentry"],"aioseo_notices":[],"_links":{"self":[{"href":"https:\/\/www.imperioalemao.com.br\/klagenfurt\/wp-json\/wp\/v2\/pages\/54","targetHints":{"allow":["GET"]}}],"collection":[{"href":"https:\/\/www.imperioalemao.com.br\/klagenfurt\/wp-json\/wp\/v2\/pages"}],"about":[{"href":"https:\/\/www.imperioalemao.com.br\/klagenfurt\/wp-json\/wp\/v2\/types\/page"}],"author":[{"embeddable":true,"href":"https:\/\/www.imperioalemao.com.br\/klagenfurt\/wp-json\/wp\/v2\/users\/2"}],"replies":[{"embeddable":true,"href":"https:\/\/www.imperioalemao.com.br\/klagenfurt\/wp-json\/wp\/v2\/comments?post=54"}],"version-history":[{"count":20,"href":"https:\/\/www.imperioalemao.com.br\/klagenfurt\/wp-json\/wp\/v2\/pages\/54\/revisions"}],"predecessor-version":[{"id":188,"href":"https:\/\/www.imperioalemao.com.br\/klagenfurt\/wp-json\/wp\/v2\/pages\/54\/revisions\/188"}],"wp:featuredmedia":[{"embeddable":true,"href":"https:\/\/www.imperioalemao.com.br\/klagenfurt\/wp-json\/wp\/v2\/media\/157"}],"wp:attachment":[{"href":"https:\/\/www.imperioalemao.com.br\/klagenfurt\/wp-json\/wp\/v2\/media?parent=54"}],"curies":[{"name":"wp","href":"https:\/\/api.w.org\/{rel}","templated":true}]}}