{"id":235,"date":"2021-03-29T11:23:44","date_gmt":"2021-03-29T14:23:44","guid":{"rendered":"https:\/\/www.imperioalemao.com.br\/klagenfurt\/?page_id=235"},"modified":"2021-03-30T13:07:45","modified_gmt":"2021-03-30T16:07:45","slug":"a-cidade-de-klagenfurt","status":"publish","type":"page","link":"https:\/\/www.imperioalemao.com.br\/klagenfurt\/a-cidade-de-klagenfurt\/","title":{"rendered":"A Cidade de Klagenfurt"},"content":{"rendered":"\n<p class=\"has-drop-cap\">Plantada no sop\u00e9 do maci\u00e7o de <strong>Caravanche<\/strong>, \u00e0s margens do <em>W\u00f6rthersee<\/em>, Klagenfurt \u00e9 uma metr\u00f3pole moderna com um centro hist\u00f3rico bem preservado. A sua popula\u00e7\u00e3o ultrapassa a centena de milhares, sendo not\u00e1vel a propor\u00e7\u00e3o de estudantes e acad\u00e9micos da Universidade do mesmo nome. Particularmente relevante \u00e9, tamb\u00e9m, a grande massa de turistas que buscam, no ver\u00e3o, as praias alpinas do <em>W\u00f6rthersee<\/em> e, no inverno, a aventura dos desportos na neve. Hist\u00f3rica capital da <strong>Car\u00edntia<\/strong>, estado austr\u00edaco, a cidade \u00e9 hoje o centro de um Burgraviado Palatino diretamente sujeito \u00e0 autoridade imperial, ao passo que a vizinha <strong>Villach<\/strong>, a pouco mais de meia hora de viagem, serve como centro da administra\u00e7\u00e3o do Arquiducado da \u00c1ustria na regi\u00e3o.<\/p>\n\n\n\n<figure class=\"wp-block-image size-large\"><img loading=\"lazy\" decoding=\"async\" width=\"1024\" height=\"651\" src=\"https:\/\/www.imperioalemao.com.br\/klagenfurt\/wp-content\/uploads\/2021\/03\/klagenfurt-antiga-1024x651.jpg\" alt=\"Untere Bahnhofstrasse de Klagenfurt em 1911\" class=\"wp-image-247\" srcset=\"https:\/\/www.imperioalemao.com.br\/klagenfurt\/wp-content\/uploads\/2021\/03\/klagenfurt-antiga-1024x651.jpg 1024w, https:\/\/www.imperioalemao.com.br\/klagenfurt\/wp-content\/uploads\/2021\/03\/klagenfurt-antiga-300x191.jpg 300w, https:\/\/www.imperioalemao.com.br\/klagenfurt\/wp-content\/uploads\/2021\/03\/klagenfurt-antiga-768x488.jpg 768w, https:\/\/www.imperioalemao.com.br\/klagenfurt\/wp-content\/uploads\/2021\/03\/klagenfurt-antiga-1536x976.jpg 1536w, https:\/\/www.imperioalemao.com.br\/klagenfurt\/wp-content\/uploads\/2021\/03\/klagenfurt-antiga-2048x1302.jpg 2048w, https:\/\/www.imperioalemao.com.br\/klagenfurt\/wp-content\/uploads\/2021\/03\/klagenfurt-antiga-1200x763.jpg 1200w, https:\/\/www.imperioalemao.com.br\/klagenfurt\/wp-content\/uploads\/2021\/03\/klagenfurt-antiga-1980x1258.jpg 1980w\" sizes=\"auto, (max-width: 1024px) 100vw, 1024px\" \/><figcaption>Klagenfurt em 1911.<\/figcaption><\/figure>\n\n\n\n<p class=\"has-drop-cap\">Reza a lenda que Klagenfurt foi fundada depois de um grupo de corajosos homens ter derrotado o abomin\u00e1vel drag\u00e3o que vivia na regi\u00e3o e atormentava as vilas pr\u00f3ximas. O feito \u00e9 comemorado numa grandiosa est\u00e1tua renascentista, localizada na <em>Neuer Platz<\/em>, no Centro Hist\u00f3rico. A realidade hist\u00f3rica, menos interessante, aponta que Klagenfurt ter\u00e1 sido fundada pelo Duque <strong>Herman von Spanheim<\/strong> como uma pra\u00e7a forte para guardar as rotas comerciais da regi\u00e3o. A primeira men\u00e7\u00e3o conhecida de Klagenfurt data de finais do <strong>s\u00e9culo XII<\/strong>, num documento que isentava a Abadia de S\u00e3o Paulo do pagamento de portagens. No entanto, o povoado tinha sido constru\u00eddo numa \u00e1rea que sofria de inunda\u00e7\u00f5es frequentes e, portanto, em 1246 o Duque <strong>Bernhard von Spanheim<\/strong>, filho do Duque Herman, mudou-o para um local mais seguro. \u00c9, por isso, considerado o verdadeiro fundador do mercado da vila, que viria a receber uma carta foral em 1252. <\/p>\n\n\n\n<p class=\"has-drop-cap\">Ao longo dos s\u00e9culos subsequentes, Klagenfurt sobreviveu a diversos inc\u00eandios, terramotos, invas\u00f5es de gafanhotos e ataques dos mu\u00e7ulmanos otomanos. Em 1518, o Imperador <strong>Maximiliano I<\/strong> entregou a cidade ao cuidado da nobreza carintiana, depois do terr\u00edvel inc\u00eandio que praticamente a destruiu em 1514. Apesar da apreens\u00e3o da popula\u00e7\u00e3o local, a nova administra\u00e7\u00e3o foi capaz de revitalizar a economia da cidade, ao mesmo tempo que aumentou o prest\u00edgio e a <strong>influ\u00eancia pol\u00edtica e cultural <\/strong>de Klagenfurt na regi\u00e3o. Diversas obras p\u00fablicas contribu\u00edram para o seu desenvolvimento e atra\u00edram mais nobres, que ali constru\u00edram os seus palacetes de cidade. A reconstru\u00e7\u00e3o seguiu os princ\u00edpios do Renascimento, sob o comando do arquiteto italiano <strong>Domenico dell&#8217;Allio<\/strong>, e incluiu a constru\u00e7\u00e3o de novas fortifica\u00e7\u00f5es que demorou meio s\u00e9culo e fez de Klagenfurt a mais segura fortaleza a norte dos Alpes. <\/p>\n\n\n\n<figure class=\"wp-block-image size-large\"><img loading=\"lazy\" decoding=\"async\" width=\"1024\" height=\"576\" src=\"https:\/\/www.imperioalemao.com.br\/klagenfurt\/wp-content\/uploads\/2021\/03\/worthersee-1024x576.jpg\" alt=\"\" class=\"wp-image-250\" srcset=\"https:\/\/www.imperioalemao.com.br\/klagenfurt\/wp-content\/uploads\/2021\/03\/worthersee-1024x576.jpg 1024w, https:\/\/www.imperioalemao.com.br\/klagenfurt\/wp-content\/uploads\/2021\/03\/worthersee-300x169.jpg 300w, https:\/\/www.imperioalemao.com.br\/klagenfurt\/wp-content\/uploads\/2021\/03\/worthersee-768x432.jpg 768w, https:\/\/www.imperioalemao.com.br\/klagenfurt\/wp-content\/uploads\/2021\/03\/worthersee-1536x864.jpg 1536w, https:\/\/www.imperioalemao.com.br\/klagenfurt\/wp-content\/uploads\/2021\/03\/worthersee-2048x1152.jpg 2048w, https:\/\/www.imperioalemao.com.br\/klagenfurt\/wp-content\/uploads\/2021\/03\/worthersee-1200x675.jpg 1200w, https:\/\/www.imperioalemao.com.br\/klagenfurt\/wp-content\/uploads\/2021\/03\/worthersee-1980x1114.jpg 1980w\" sizes=\"auto, (max-width: 1024px) 100vw, 1024px\" \/><figcaption>Lago <em>W\u00f6rthersee<\/em>. Ao fundo, Klagenfurt.<\/figcaption><\/figure>\n\n\n\n<p class=\"has-drop-cap\">No entanto, em 1809, tropas francesas sob o comando de<strong> Napole\u00e3o Bonaparte<\/strong> destru\u00edram quase completamente as muralhas da cidade. Hoje, resta apenas uma pequena se\u00e7\u00e3o, a ocidente do Centro Hist\u00f3rico. Em 1863, foi constru\u00eddo o caminho-de-ferro at\u00e9 Sankt Veit an der Glan e, pouco depois, a liga\u00e7\u00e3o por trem entre <strong>Viena<\/strong> e o importante porto de <strong>Trieste<\/strong>, que deu a Klagenfurt uma imponente esta\u00e7\u00e3o central, solidificou a cidade como o centro da regi\u00e3o carintiana. Esta esta\u00e7\u00e3o, como boa parte da cidade, viria a ser destru\u00edda durante a Segunda Guerra Mundial. At\u00e9 ao final da Guerra, Klagenfurt foi bombardeada <strong>41 vezes<\/strong>, resultando na morte de 612 pessoas e na destrui\u00e7\u00e3o, parcial ou completa, de mais de 1500 edif\u00edcios. No rescaldo da liberta\u00e7\u00e3o da \u00c1ustria do dom\u00ednio nazista, a cidade foi ocupada por guerrilheiros <strong>jugoslavos<\/strong>, tal como j\u00e1 havia acontecido em 1919, na sequ\u00eancia da Primeira Guerra Mundial. O irredentismo jugoslavo, no entanto, foi confrontado pelos brit\u00e2nicos que ocuparam o sul da \u00c1ustria, garantindo assim a integridade territorial da Car\u00edntia.<\/p>\n\n\n\n<p class=\"has-drop-cap\">A reconstru\u00e7\u00e3o do p\u00f3s-Guerra, embora dif\u00edcil (foi necess\u00e1rio remover um volume de destro\u00e7os de 110 mil metros c\u00fabicos), foi um sucesso. O governo provis\u00f3rio foi capaz de providenciar ajuda financeira aos mais necessitados e de restituir as propriedades \u00e0s v\u00edtimas do regime nazista. A cidade tamb\u00e9m conseguiu dar resposta \u00e0s dezenas de milhares de alem\u00e3es que nela se refugiaram. Hoje, \u00e9 uma cidade moderna e um polo econ\u00f3mico e de inova\u00e7\u00e3o nos <strong>Alpes Orientais<\/strong>. Pelo seu valoroso trabalho de restaura\u00e7\u00e3o e preserva\u00e7\u00e3o do Centro Hist\u00f3rico, Klagenfurt recebeu tr\u00eas vezes o <strong>Diploma de M\u00e9rito Europa Nostra<\/strong>, n\u00famero recorde. A cidade foi tamb\u00e9m a primeira da \u00c1ustria a criar uma rua pedestrianizada, al\u00e9m de ser uma inovadora no estabelecimento de cidades irm\u00e3s. A ideia come\u00e7ou ainda em 1930 com a coopera\u00e7\u00e3o entre Klagenfurt e <strong>Wiesbaden<\/strong>, na Alemanha. Depois da Segunda Guerra Mundial, muitas outras cidades irm\u00e3s foram estabelecidas e, como resultado, <strong>1968<\/strong>, Klagenfurt foi escolhida como <strong>Cidade Europeia do Ano<\/strong>.<\/p>\n\n\n\n<iframe src=\"https:\/\/www.google.com\/maps\/embed?pb=!1m18!1m12!1m3!1d87656.44332347965!2d14.242715240029186!3d46.64130363053658!2m3!1f0!2f0!3f0!3m2!1i1024!2i768!4f13.1!3m3!1m2!1s0x47707345308f7e65%3A0x687eb6df8c618d2b!2sKlagenfurt%2C%20%C3%81ustria!5e0!3m2!1spt-PT!2sgr!4v1617117639692!5m2!1spt-PT!2sgr\" width=\"870\" height=\"350\" style=\"border:0;\" allowfullscreen=\"\" loading=\"lazy\"><\/iframe>\n\n\n\n<p class=\"has-drop-cap\">Em 2017, o <a href=\"https:\/\/imperioalemao.com.br\/\" title=\"https:\/\/imperioalemao.com.br\/\" target=\"_blank\" rel=\"noreferrer noopener\"><strong>Imperador Alem\u00e3o<\/strong><\/a> desmembrou Klagenfurt do circundante estado da Car\u00edntia e constituiu um condado em favor do seu segundo filho, o Pr\u00edncipe <strong>Konrad Otto<\/strong>. Conhecedor da hist\u00f3ria de sucesso da cidade, o novo patrono imperial confirmou largamente a autonomia dos \u00f3rg\u00e3os municipais at\u00e9 ent\u00e3o existentes. Ainda assim, o envolvimento de um membro da Casa Imperial na administra\u00e7\u00e3o da cidade favoreceu um renovado influxo de financiamento, al\u00e9m do evidente ganho de prest\u00edgio. Esta situa\u00e7\u00e3o permitiu, de resto, que Klagenfurt fosse selecionada, em 2021, para albergar a <a href=\"https:\/\/www.imperioalemao.com.br\/klagenfurt\/sobre-o-palatinado\/\" title=\"Sobre o Palatinado\">Autoridade Monet\u00e1ria Alem\u00e3<\/a>, superando a \u00f3bvia concorr\u00eancia de polos financeiros estabelecidos, como<strong> Estugarda, Munique, Han\u00f4ver <\/strong>ou<strong> Frankfurt.<\/strong><\/p>\n","protected":false},"excerpt":{"rendered":"<p>Plantada no sop\u00e9 do maci\u00e7o de Caravanche, \u00e0s margens do W\u00f6rthersee, Klagenfurt \u00e9 uma metr\u00f3pole moderna com um centro hist\u00f3rico bem preservado. A sua popula\u00e7\u00e3o ultrapassa a centena de milhares, sendo not\u00e1vel a propor\u00e7\u00e3o de estudantes e acad\u00e9micos da Universidade do mesmo nome. Particularmente relevante \u00e9, tamb\u00e9m, a grande massa de turistas que buscam, no [&hellip;]<\/p>\n","protected":false},"author":2,"featured_media":0,"parent":0,"menu_order":0,"comment_status":"closed","ping_status":"closed","template":"","meta":{"footnotes":""},"class_list":["post-235","page","type-page","status-publish","hentry"],"aioseo_notices":[],"_links":{"self":[{"href":"https:\/\/www.imperioalemao.com.br\/klagenfurt\/wp-json\/wp\/v2\/pages\/235","targetHints":{"allow":["GET"]}}],"collection":[{"href":"https:\/\/www.imperioalemao.com.br\/klagenfurt\/wp-json\/wp\/v2\/pages"}],"about":[{"href":"https:\/\/www.imperioalemao.com.br\/klagenfurt\/wp-json\/wp\/v2\/types\/page"}],"author":[{"embeddable":true,"href":"https:\/\/www.imperioalemao.com.br\/klagenfurt\/wp-json\/wp\/v2\/users\/2"}],"replies":[{"embeddable":true,"href":"https:\/\/www.imperioalemao.com.br\/klagenfurt\/wp-json\/wp\/v2\/comments?post=235"}],"version-history":[{"count":8,"href":"https:\/\/www.imperioalemao.com.br\/klagenfurt\/wp-json\/wp\/v2\/pages\/235\/revisions"}],"predecessor-version":[{"id":271,"href":"https:\/\/www.imperioalemao.com.br\/klagenfurt\/wp-json\/wp\/v2\/pages\/235\/revisions\/271"}],"wp:attachment":[{"href":"https:\/\/www.imperioalemao.com.br\/klagenfurt\/wp-json\/wp\/v2\/media?parent=235"}],"curies":[{"name":"wp","href":"https:\/\/api.w.org\/{rel}","templated":true}]}}